{"id":13,"date":"2016-02-11T11:55:22","date_gmt":"2016-02-11T10:55:22","guid":{"rendered":"http:\/\/danielgirault.com\/artiste\/?page_id=13"},"modified":"2016-02-17T10:35:15","modified_gmt":"2016-02-17T09:35:15","slug":"contact","status":"publish","type":"page","link":"https:\/\/danielgirault.com\/artiste\/contact\/","title":{"rendered":"Contact"},"content":{"rendered":"<p><img decoding=\"async\" class=\"alignright\" src=\"http:\/\/danielgirault.com\/artiste\/wp-content\/uploads\/2016\/02\/PommiersacidreH80x80.jpg\" alt=\"Pommiers \u00e0 cidre Huile 80x80 \u00a9 Daniel GIRAULT\" width=\"450\" \/><strong><span style=\"text-decoration: underline;\">ATELIER<\/span><\/strong>\u00a0:<br \/>\n1 La Ville Fini &#8211; <strong>22120 HILLION<\/strong>\u00a0&#8211; 06 68 69 97 33 &#8211; <a title=\"E-mail\" href=\"mailto:contact@danielgirault.com\"><span style=\"text-decoration: underline;\">E-mail<\/span><\/a><\/p>\n<p>&nbsp;<\/p>\n<p><strong><span style=\"text-decoration: underline;\">GALERIES<\/span><\/strong>\u00a0: (d\u2019avril \u00e0 fin septembre)<br \/>\n<strong>Atelier des Cypr\u00e8s<\/strong> &#8211; 48 bis rue du Port &#8211; <strong>22430 ERQUY<\/strong><br \/>\n<a href=\"http:\/\/danielgirault.com\/artiste\/atelier-des-cypres-erquy\/\"><em><span style=\"text-decoration: underline;\">Voir la page<\/span><\/em><\/a><br \/>\n<strong>Atelier les Cypr\u00e8s<\/strong> &#8211; 17 rue Auguste Brizeux &#8211; <strong>29930 PONT-AVEN<\/strong><br \/>\n<a href=\"http:\/\/danielgirault.com\/artiste\/atelier-les-cypres-pont-aven\/\"><em><span style=\"text-decoration: underline;\">Voir la page<\/span><\/em><\/a><\/p>\n<p>&nbsp;<\/p>\n<p><strong><span style=\"text-decoration: underline;\">FORMULAIRE<\/span><\/strong> :<br \/>\n<div role=\"form\" class=\"wpcf7\" id=\"wpcf7-f6-o1\" lang=\"fr-FR\" dir=\"ltr\">\n<div class=\"screen-reader-response\"><\/div>\n<form action=\"\/artiste\/wp-json\/wp\/v2\/pages\/13#wpcf7-f6-o1\" method=\"post\" class=\"wpcf7-form\" novalidate=\"novalidate\">\n<div style=\"display: none;\">\n<input type=\"hidden\" name=\"_wpcf7\" value=\"6\" \/>\n<input type=\"hidden\" name=\"_wpcf7_version\" value=\"4.7\" \/>\n<input type=\"hidden\" name=\"_wpcf7_locale\" value=\"fr_FR\" \/>\n<input type=\"hidden\" name=\"_wpcf7_unit_tag\" value=\"wpcf7-f6-o1\" \/>\n<input type=\"hidden\" name=\"_wpnonce\" value=\"4a8608cb86\" \/>\n<\/div>\n<p><span class=\"wpcf7-form-control-wrap entete\"><span class=\"wpcf7-form-control wpcf7-checkbox wpcf7-validates-as-required wpcf7-exclusive-checkbox\"><span class=\"wpcf7-list-item first\"><input type=\"checkbox\" name=\"entete\" value=\"Madame\" \/><span class=\"wpcf7-list-item-label\">Madame<\/span><\/span><span class=\"wpcf7-list-item last\"><input type=\"checkbox\" name=\"entete\" value=\"Monsieur\" \/><span class=\"wpcf7-list-item-label\">Monsieur<\/span><\/span><\/span><\/span><\/p>\n<p>*NOM<br \/><span class=\"wpcf7-form-control-wrap nom\"><input type=\"text\" name=\"nom\" value=\"\" size=\"40\" class=\"wpcf7-form-control wpcf7-text wpcf7-validates-as-required\" aria-required=\"true\" aria-invalid=\"false\" \/><\/span><br \/>\n*Pr\u00e9nom<br \/><span class=\"wpcf7-form-control-wrap prenom\"><input type=\"text\" name=\"prenom\" value=\"\" size=\"40\" class=\"wpcf7-form-control wpcf7-text wpcf7-validates-as-required\" aria-required=\"true\" aria-invalid=\"false\" \/><\/span><br \/>\nAdresse<br \/><span class=\"wpcf7-form-control-wrap adresse\"><input type=\"text\" name=\"adresse\" value=\"\" size=\"40\" class=\"wpcf7-form-control wpcf7-text\" aria-invalid=\"false\" \/><\/span><br \/>\nT\u00e9l\u00e9phone ou portable<br \/><span class=\"wpcf7-form-control-wrap tel\"><input type=\"text\" name=\"tel\" value=\"\" size=\"40\" class=\"wpcf7-form-control wpcf7-text\" aria-invalid=\"false\" \/><\/span><br \/>\n*E-mail<br \/><span class=\"wpcf7-form-control-wrap email\"><input type=\"email\" name=\"email\" value=\"\" size=\"40\" class=\"wpcf7-form-control wpcf7-text wpcf7-email wpcf7-validates-as-required wpcf7-validates-as-email\" aria-required=\"true\" aria-invalid=\"false\" \/><\/span><br \/>\n*Votre message<br \/><span class=\"wpcf7-form-control-wrap message\"><textarea name=\"message\" cols=\"40\" rows=\"10\" class=\"wpcf7-form-control wpcf7-textarea wpcf7-validates-as-required\" aria-required=\"true\" aria-invalid=\"false\"><\/textarea><\/span><br \/>\n<input type=\"submit\" value=\"Envoyer\" class=\"wpcf7-form-control wpcf7-submit\" \/> *Champs obligatoires<\/p>\n<div class=\"wpcf7-response-output wpcf7-display-none\"><\/div><\/form><\/div><\/p>\n","protected":false},"excerpt":{"rendered":"<p>ATELIER\u00a0: 1 La Ville Fini &#8211; 22120 HILLION\u00a0&#8211; 06 68 69 97 33 &#8211; E-mail &nbsp; GALERIES\u00a0: (d\u2019avril \u00e0 fin septembre) Atelier des Cypr\u00e8s &#8211; 48 bis rue du Port &#8211; 22430 ERQUY Voir la page Atelier les Cypr\u00e8s &#8211; 17 rue Auguste Brizeux &#8211; 29930 PONT-AVEN Voir la page &nbsp; FORMULAIRE :<\/p>\n","protected":false},"author":1,"featured_media":0,"parent":0,"menu_order":0,"comment_status":"closed","ping_status":"closed","template":"","meta":{"footnotes":""},"_links":{"self":[{"href":"https:\/\/danielgirault.com\/artiste\/wp-json\/wp\/v2\/pages\/13"}],"collection":[{"href":"https:\/\/danielgirault.com\/artiste\/wp-json\/wp\/v2\/pages"}],"about":[{"href":"https:\/\/danielgirault.com\/artiste\/wp-json\/wp\/v2\/types\/page"}],"author":[{"embeddable":true,"href":"https:\/\/danielgirault.com\/artiste\/wp-json\/wp\/v2\/users\/1"}],"replies":[{"embeddable":true,"href":"https:\/\/danielgirault.com\/artiste\/wp-json\/wp\/v2\/comments?post=13"}],"version-history":[{"count":8,"href":"https:\/\/danielgirault.com\/artiste\/wp-json\/wp\/v2\/pages\/13\/revisions"}],"predecessor-version":[{"id":312,"href":"https:\/\/danielgirault.com\/artiste\/wp-json\/wp\/v2\/pages\/13\/revisions\/312"}],"wp:attachment":[{"href":"https:\/\/danielgirault.com\/artiste\/wp-json\/wp\/v2\/media?parent=13"}],"curies":[{"name":"wp","href":"https:\/\/api.w.org\/{rel}","templated":true}]}}