{"id":29,"date":"2016-02-11T12:06:22","date_gmt":"2016-02-11T11:06:22","guid":{"rendered":"http:\/\/danielgirault.com\/artiste\/?page_id=29"},"modified":"2016-02-11T18:22:16","modified_gmt":"2016-02-11T17:22:16","slug":"bibliographie-temoignages","status":"publish","type":"page","link":"https:\/\/danielgirault.com\/artiste\/bibliographie-temoignages\/","title":{"rendered":"Bibliographie et t\u00e9moignages"},"content":{"rendered":"<p><img loading=\"lazy\" decoding=\"async\" class=\"size-full wp-image-52 alignnone\" src=\"http:\/\/danielgirault.com\/artiste\/wp-content\/uploads\/2016\/02\/DanielGIRAULT_biblio1.jpg\" alt=\"Daniel GIRAULT bibliographie 1\" width=\"435\" height=\"437\" srcset=\"https:\/\/danielgirault.com\/artiste\/wp-content\/uploads\/2016\/02\/DanielGIRAULT_biblio1.jpg 488w, https:\/\/danielgirault.com\/artiste\/wp-content\/uploads\/2016\/02\/DanielGIRAULT_biblio1-150x150.jpg 150w, https:\/\/danielgirault.com\/artiste\/wp-content\/uploads\/2016\/02\/DanielGIRAULT_biblio1-300x300.jpg 300w\" sizes=\"(max-width: 435px) 100vw, 435px\" \/><img loading=\"lazy\" decoding=\"async\" class=\"size-full wp-image-53 alignnone\" src=\"http:\/\/danielgirault.com\/artiste\/wp-content\/uploads\/2016\/02\/DanielGIRAULT_biblio2.jpg\" alt=\"Daniel GIRAULT bibliographie 2\" width=\"435\" height=\"437\" srcset=\"https:\/\/danielgirault.com\/artiste\/wp-content\/uploads\/2016\/02\/DanielGIRAULT_biblio2.jpg 488w, https:\/\/danielgirault.com\/artiste\/wp-content\/uploads\/2016\/02\/DanielGIRAULT_biblio2-150x150.jpg 150w, https:\/\/danielgirault.com\/artiste\/wp-content\/uploads\/2016\/02\/DanielGIRAULT_biblio2-300x300.jpg 300w\" sizes=\"(max-width: 435px) 100vw, 435px\" \/><\/p>\n<p><strong><span style=\"text-decoration: underline;\">BIBLIOGRAPHIE<\/span>\u00a0:<\/strong><\/p>\n<p><strong><em>Daniel GIRAULT : Le Midi de l\u2019\u0153uvre<\/em><\/strong><br \/>\nde Mustapha CHELBI 1998<\/p>\n<p><strong><em>20 Grandes Signatures Contemporaines<\/em><\/strong><br \/>\nEditions du Ch\u00eane 2002<\/p>\n<p><strong><em>Les Artistes de l \u2019An 2000<\/em><\/strong><br \/>\nEditions FUS-ART<\/p>\n<p><strong><em>L\u2019Affiche d\u2019Art en France<\/em><\/strong><br \/>\nde Mustapha CHELBI Editions Barth\u00e9l\u00e9my<\/p>\n<p><strong><em>Daniel GIRAULT : D\u2019un Bout \u00e0 l&rsquo;Autre<br \/>\n<\/em><\/strong>de Lo\u00efs LEVANIER 2004<\/p>\n<p><strong><em>Cris d\u2019Amours<\/em><\/strong><br \/>\nIllustration des po\u00e8mes de Marcel LOTROUS 2001<\/p>\n<p><strong><em>F\u00e9minit\u00e9s<\/em><\/strong><br \/>\nLivre d\u2019artiste, textes de Marcel LOTROUS, avec huit\u00a0gravures originales et un frontispice<\/p>\n<p><strong><em>Belle-Ile en Septembre<\/em><\/strong><br \/>\nLivre d\u2019artiste, textes de Bernadette et Daniel GIRAULT, avec\u00a0huit\u00a0gravures originales et une couverture<\/p>\n<p><strong><em>Et la Baie m\u2019\u00e9tait cont\u00e9e<\/em><\/strong><br \/>\nIllustration des textes de Guy LE FRIEC Les Editions de Bretagne<\/p>\n<p><strong><em>Grande et petites histoires de la Baie<\/em><\/strong><br \/>\nIllustration des textes de Guy LE FRIEC Les Editions de Bretagne<\/p>\n<hr \/>\n<p><strong><span style=\"text-decoration: underline;\">T\u00c9MOIGNAGES<\/span><\/strong><\/p>\n<hr \/>\n<p>&nbsp;<\/p>\n<p style=\"text-align: justify;\"><em>\u00ab\u00a0Un peu sorcier, (avec quelle magie, il capte, d\u2019instinct, l\u2019atmosph\u00e8re ou l\u2019essence m\u00eame d\u2019un lieu !), un peu sourcier, (\u00e0 l\u2019\u00e9coute de ses voix int\u00e9rieures et ce celles de la nature), Daniel Girault fait partie de ces \u00ab Chercheurs de Lumi\u00e8re \u00bb, au double sens du mot.<br \/>\n<\/em><em>Comme beaucoup d\u2019artistes &#8211; aux antipodes de son genre de peinture, souvent &#8211; qui ont fait appel aussi \u00e0 l\u2019inconscient pour cr\u00e9er, il appara\u00eet ainsi comme une sorte de m\u00e9dium qui puise dans l\u2019arch\u00e9ologie d\u2019un Savoir plus \u00abprimitif\u00bb, inh\u00e9rent \u00e0 ses recherches, qu\u2019il tente de transmettre par son art.\u00a0\u00bb<\/em><\/p>\n<p><strong>Lo\u00efs LEVANIER<\/strong>, \u00e9crivain, artiste et essayiste<\/p>\n<hr \/>\n<p>&nbsp;<\/p>\n<p style=\"text-align: justify;\"><em>\u00ab\u00a0Chez Daniel GIRAULT, pas de faux semblant : il se r\u00e9clame d&#8217;embl\u00e9e comme figuratif tout en pratiquant la peinture, l&rsquo;aquarelle, le pastel et la gravure.<\/em>\u00a0<em>Un bel \u00e9ventail de talents pour ce dessinateur et graveur expert et minutieux qui se joue avec aisance des multiples pi\u00e8ges de cordages et de cha\u00eenes lov\u00e9s avec art, tout en d\u00e9cryptant avec brio les \u00e9l\u00e9ments spectaculaires de navires naufrag\u00e9s ou abandonn\u00e9s.<\/em><br \/>\n<em>Mais, entre nous, la Butte Montmartre ne saurait \u00eatre indiff\u00e9rente au talent de Daniel GIRAULT et il en traite le pittoresque avec un charme tout simple et sensible, tout comme il sait choyer les beaut\u00e9s mal connues de la Provence et la vitalit\u00e9 chromatique parfois oubli\u00e9e de la Bretagne gr\u00e2ce \u00e0 sa touche revigorante et sa ma\u00eetrise des nuances qu&rsquo;il d\u00e9pose aussi all\u00e8grement dans les ciels et les eaux.<\/em><br \/>\n<em>On parle souvent de la magie de la peinture et il est vrai que certains artistes manifestent un don r\u00e9el pour amener l&rsquo;observateur \u00e0 adh\u00e9rer \u00e0 leur vision du motif, du probl\u00e8me de soci\u00e9t\u00e9 \u00e0 l&rsquo;extase abstraite en passant par l&rsquo;expression magistrale de l&rsquo;anecdote.<\/em><br \/>\n<em>De ces artistes, Daniel GIRAULT en est \u00e0 l&rsquo;\u00e9vidence l&rsquo;un des plus repr\u00e9sentatifs et son valeureux palmar\u00e8s l&rsquo;affirme sans d\u00e9tours.\u00a0\u00bb<\/em><\/p>\n<p><strong>Andr\u00e9 RUELLAN<\/strong>, critique d&rsquo;art<\/p>\n<hr \/>\n<p style=\"text-align: justify;\"><em>\u00ab\u00a0Daniel GIRAULT. Bouts, filins, cordages, aussi\u00e8res, c\u00e2bles, chaines, autant de termes pour d\u00e9signer les divers types de liens, de moyens d\u2019amarrage, d\u2019attaches que l\u2019on peut trouver \u00e0 bord d\u2019un navire et qui s\u2019\u00e9talent, amoncel\u00e9s sur un quai. Leur enchev\u00eatrement, la diversit\u00e9 de leurs textures li\u00e9e \u00e0 la diversit\u00e9 de leur fonction nous parlent du grouillement d\u2019un bestiaire fantastique soulign\u00e9 par la patte de le l\u2019ancre, t\u00eate \u00e9nigmatique au bec \u00e9mouss\u00e9 au centre de la gravure.<\/em><br \/>\n<em>L\u2019ensemble pourrait se perdre dans la mollesse, le syst\u00e8me ou la non-lisibilit\u00e9 s\u2019il n\u2019\u00e9tait encadr\u00e9 par de fortes diagonales, l\u2019une montante le long du quai, l\u2019autre descendante par le jas de l\u2019ancre. Cet aller-retour permet alors \u00e0 l\u2019oeil de saisir des coques de bateau, des pieds de grue une bitte d\u2019amarrage, un bidon, tous \u00e9l\u00e9ments qui nous disent, sur un fond de pav\u00e9s incertains, le port.\u00a0\u00bb<\/em><\/p>\n<p><strong>Michel BEZ<\/strong>, Peintre Officiel de la Marine\u00a0(Cols Bleus, 12 Janvier 2008,\u00a0lors du\u00a040\u00e8me Salon de la Marine \u00e0 Paris)<\/p>\n<hr \/>\n<p style=\"text-align: justify;\"><em>\u00ab\u00a0Comme Andr\u00e9 LHOTE, Daniel GIRAULT\u00a0a en lui l\u2019intime alliance de la raison et du coeur et toujours soucieux d\u2019une technique artisanale, il sait, d\u2019instinct, ne rien oublier.<br \/>\n<\/em><em>J\u2019ai beaucoup appr\u00e9ci\u00e9 la libert\u00e9 d\u2019esprit de Daniel GIRAULT, mais aussi son statut d\u2019homme libre de peindre ce qu\u2019il a envie de peindre et comme il aime le faire, r\u00e9alisant alors pleinement, &#8211;\u00a0l\u2019heureuse conjonction de ses dons, de sa culture et de sa volont\u00e9\u00a0-.<br \/>\n<\/em><em>Calme et pos\u00e9, peut-\u00eatre un peu trop discret, il gagne \u00e0 \u00eatre connu plus avant. Sa barbe et es lunettes de vue sont bien des pr\u00e9textes \u00e0 retenir l\u2019intrus.. mais ce qui frappe surtout, c\u2019est le regard qui tombe sur vous sans h\u00e2te et dont l\u2019acuit\u00e9 s\u2019intensifie avec le temps sans jamais devenir g\u00eanant. Il aura la m\u00eame d\u00e9marche lorsqu\u2019il se retrouvera devant un paysage.<\/em>\u00a0<em>On a dit que le z\u00e8le passionn\u00e9 de LHOTE ne prenait appui sur aucune doctrine parce qu\u2019il \u00e9tait autodidacte : quelle similitude avec Daniel GIRAULT. Il avait aussi l\u2019habitude de prodiguer ce conseil : \u00ab\u00a0Ecoutez votre nature animale en ressort et surtout, dessinez\u00a0\u00bb.\u00a0<\/em><em>C\u2019est ce que fait Daniel GIRAULT\u00a0en explorant ce nouveau de la gravure dont il d\u00e9couvre la technique avec un maitre dont l\u2019oeuvre s\u2019oppose \u00e0 la sienne : Jean-Claude LE FLOCH.\u00a0<\/em><em>Mais il y a ma\u00eetre et ma\u00eetre et je sais que Jean-Claude LE FLOCH sait respecter ce qu\u2019il sent de fort dans son \u00e9l\u00e8ve et, en s\u2019effa\u00e7ant sur la forme saura sublimer le fond.<br \/>\n<\/em><em>Et l\u2019on va certainement comprendre son expression picturale car on sait maintenant que sous ses touches color\u00e9es se cache une volont\u00e9 de fer qui donne \u00e0 l\u2019oeuvre une dimension humaine nouvelle et passionnante.\u00a0\u00bb<\/em><\/p>\n<p><strong>Daniel COUTURIER<\/strong>, extrait de <em>Daniel Girault et la gravure<\/em>,\u00a0Revue L\u2019Espace Pictural<\/p>\n<hr \/>\n<p style=\"text-align: justify;\"><em>\u00ab\u00a0O\u00f9 est Daniel Girault, Combien de chemins parcourus ? Combiens de paysages a-t-il aim\u00e9s ? Combien de villages de France a-t-il c\u00e9l\u00e9br\u00e9s, Combien de villes et de ports a-t-il adir\u00e9s ? Amoureux de la p\u00e2te, de la mati\u00e8re picturale, de la toile, du ch\u00e2ssis et de l\u2019odeur de la t\u00e9r\u00e9benthine, il a besoin de c\u00e9l\u00e9brer ses noces avec les couleurs en mettant encore davantage et davantage de p\u00e2te. Ce besoin est devenu tellement vital qu\u2019il a du renoncer \u00e0 la brosse pour se mettre au couteau et faire vibrer la toile d\u2019emp\u00e2tements encore plus chaleureux, plus denses et plus \u00e9pais.\u00a0\u00bb<\/em><\/p>\n<p><strong>Mustapha CHELBI<\/strong>, \u00e9crivain et critique d&rsquo;art<\/p>\n<hr \/>\n<p style=\"text-align: justify;\"><em>\u00ab\u00a0Ceux qui n&rsquo;y verront encore que de la peinture figurative \u2013ou semi figurative-, n&rsquo;auront pas compris que Daniel Girault va tr\u00e8s au-del\u00e0, que sa qu\u00eate puise inlassablement aux racines de ce qui lie l&rsquo;\u00eatre humain \u00e0 son environnement premier. Il essaie inexorablement de faire ressortir et ressentir l&rsquo;essence m\u00eame des \u00e9l\u00e9ments primordiaux comme la terre et l&rsquo;eau sous leurs facettes les plus vastes, mais aussi du min\u00e9ral, du v\u00e9g\u00e9tal, des ciels et de tout ce qui nous entoure et nous constitue en fin de compte .Il veut nous plonger dans l&rsquo;infini myst\u00e8re de la Vie et nous le faire sentir presque physiquement. Il entre quasiment dans la mati\u00e8re comme le montraient d\u00e9j\u00e0 ses dessins de cordages au d\u00e9but de son aventure, et sa peinture au couteau est dans la continuit\u00e9 de cette exploration des fondements de toute chose.<\/em><br \/>\n<em>Il se situe donc au coeur de tout ce qui nous touche, au sens le plus fort du mot, en qu\u00eate de nos Origines. Faisant fi des modes et des orientations les plus contradictoires de l&rsquo;art contemporain, il reprend ainsi les valeurs ancestrales de l&rsquo;art, redonnant au medium peinture toutes ses lettres de noblesse. Contre vents et mar\u00e9es, l&rsquo;artiste garde le cap, ce qui conf\u00e8re \u00e0 son oeuvre une authenticit\u00e9 fondamentale, seul guide qu&rsquo;il suit avec la certitude du Juste, \u00e0 une \u00e9poque o\u00f9 la peinture donne parfois l&rsquo;impression d&rsquo;avoir perdu le nord.<\/em><br \/>\n<em>Regardez ses tableaux, entrez au coeur de la mati\u00e8re, regardez et \u00e9coutez le myst\u00e8re de ce qui est peint: c&rsquo;est son Art mis \u00e0 nu.\u00a0\u00bb\u00a0<\/em><\/p>\n<p><strong>Lo\u00efs LEVANIER<\/strong>, \u00e9crivain, artiste et essayiste<\/p>\n<hr \/>\n<p>&nbsp;<\/p>\n","protected":false},"excerpt":{"rendered":"<p>BIBLIOGRAPHIE\u00a0: Daniel GIRAULT : Le Midi de l\u2019\u0153uvre de Mustapha CHELBI 1998 20 Grandes Signatures Contemporaines Editions du Ch\u00eane 2002 Les Artistes de l \u2019An 2000 Editions FUS-ART L\u2019Affiche d\u2019Art en France de Mustapha CHELBI Editions Barth\u00e9l\u00e9my Daniel GIRAULT : D\u2019un Bout \u00e0 l&rsquo;Autre de Lo\u00efs LEVANIER 2004 Cris d\u2019Amours Illustration des po\u00e8mes de Marcel [&hellip;]<\/p>\n","protected":false},"author":1,"featured_media":0,"parent":0,"menu_order":0,"comment_status":"closed","ping_status":"closed","template":"","meta":{"footnotes":""},"_links":{"self":[{"href":"https:\/\/danielgirault.com\/artiste\/wp-json\/wp\/v2\/pages\/29"}],"collection":[{"href":"https:\/\/danielgirault.com\/artiste\/wp-json\/wp\/v2\/pages"}],"about":[{"href":"https:\/\/danielgirault.com\/artiste\/wp-json\/wp\/v2\/types\/page"}],"author":[{"embeddable":true,"href":"https:\/\/danielgirault.com\/artiste\/wp-json\/wp\/v2\/users\/1"}],"replies":[{"embeddable":true,"href":"https:\/\/danielgirault.com\/artiste\/wp-json\/wp\/v2\/comments?post=29"}],"version-history":[{"count":11,"href":"https:\/\/danielgirault.com\/artiste\/wp-json\/wp\/v2\/pages\/29\/revisions"}],"predecessor-version":[{"id":62,"href":"https:\/\/danielgirault.com\/artiste\/wp-json\/wp\/v2\/pages\/29\/revisions\/62"}],"wp:attachment":[{"href":"https:\/\/danielgirault.com\/artiste\/wp-json\/wp\/v2\/media?parent=29"}],"curies":[{"name":"wp","href":"https:\/\/api.w.org\/{rel}","templated":true}]}}