{"id":317,"date":"2016-02-17T17:04:05","date_gmt":"2016-02-17T16:04:05","guid":{"rendered":"http:\/\/danielgirault.com\/artiste\/?page_id=317"},"modified":"2016-02-17T17:07:10","modified_gmt":"2016-02-17T16:07:10","slug":"liens","status":"publish","type":"page","link":"https:\/\/danielgirault.com\/artiste\/liens\/","title":{"rendered":"Liens"},"content":{"rendered":"<p><img decoding=\"async\" src=\"http:\/\/danielgirault.com\/artiste\/wp-content\/uploads\/2016\/02\/SacaterreFaience31x29x19DanielGIRAULT.jpg\" alt=\"Sac \u00e0 terre Fa\u00efence 31x29x19 \u00a9 DanielGIRAULT\" width=\"450\" class=\"alignright\" \/><br \/>\n\n\t\t\t\t<div class=\"linkview\" id=\"lv-sc-id-1\">\n\t\t\t\t\t<div class=\"lv-category\">\n\t\t\t\t\t\t<h2 class=\"lv-cat-name\">Amis artistes<\/h2>\n\t\t\t\t\t<div id=\"lv-id-1-1\">\n\t\t\t\t\t<ul class=\"lv-link-list\">\n\t\t\t\t\t\t<li class=\"lv-list-item\">\n\t\t\t\t\t\t<div class=\"lv-link\"><div class=\"lv-item-name\"><a class=\"lv-anchor\" href=\"http:\/\/www.bernadettemauro.net\/\" target=\"_blank\" title=\"Bernadette MAURO sculptrice (Bernadette MAURO sculptrice)\" rel=\"noopener \">Bernadette MAURO sculptrice<\/a><\/div><\/div><\/li>\n\t\t\t\t\t\t<li class=\"lv-list-item\">\n\t\t\t\t\t\t<div class=\"lv-link\"><div class=\"lv-item-name\"><a class=\"lv-anchor\" href=\"http:\/\/www.cathylhostis.com\/\" target=\"_blank\" title=\"Cathy L&#039;HOSTIS peintre (Cathy L'HOSTIS peintre)\" rel=\"noopener \">Cathy L&#039;HOSTIS peintre<\/a><\/div><\/div><\/li>\n\t\t\t\t\t\t<li class=\"lv-list-item\">\n\t\t\t\t\t\t<div class=\"lv-link\"><div class=\"lv-item-name\"><a class=\"lv-anchor\" href=\"http:\/\/www.leroychristian.com\/\" target=\"_blank\" title=\"Christian LEROY peintre (Christian LEROY peintre)\" rel=\"noopener \">Christian LEROY peintre<\/a><\/div><\/div><\/li>\n\t\t\t\t\t\t<li class=\"lv-list-item\">\n\t\t\t\t\t\t<div class=\"lv-link\"><div class=\"lv-item-name\"><a class=\"lv-anchor\" href=\"http:\/\/www.crozat-coulmont.com\/artistes-contemporains-france-art-cr%C3%A9ation\/\" target=\"_self\" title=\"Evelyne CROZAT-COULMONT\" rel=\"noopener\">Evelyne CROZAT-COULMONT<\/a><\/div><\/div><\/li>\n\t\t\t\t\t\t<li class=\"lv-list-item\">\n\t\t\t\t\t\t<div class=\"lv-link\"><div class=\"lv-item-name\"><a class=\"lv-anchor\" href=\"http:\/\/www.pierrickgirault.com\" target=\"_self\" title=\"Pierrick GIRAULT , artiste peintre\" rel=\"noopener\">Pierrick GIRAULT , artiste peintre<\/a><\/div><\/div><\/li>\n\t\t\t\t\t\t<li class=\"lv-list-item\">\n\t\t\t\t\t\t<div class=\"lv-link\"><div class=\"lv-item-name\"><a class=\"lv-anchor\" href=\"http:\/\/tifet-hatsouti.eklablog.com\/\" target=\"_blank\" title=\"TIFET sculpteur (TIFET sculpteur)\" rel=\"noopener \">TIFET sculpteur<\/a><\/div><\/div><\/li>\n\t\t\t\t\t<\/ul>\n\t\t\t\t\t<\/div>\n\t\t\t\t\t<\/div>\n\t\t\t\t\t<div class=\"lv-category\">\n\t\t\t\t\t\t<h2 class=\"lv-cat-name\">Art : Galeries et Associations<\/h2>\n\t\t\t\t\t<div id=\"lv-id-1-2\">\n\t\t\t\t\t<ul class=\"lv-link-list\">\n\t\t\t\t\t\t<li class=\"lv-list-item\">\n\t\t\t\t\t\t<div class=\"lv-link\"><div class=\"lv-item-name\"><a class=\"lv-anchor\" href=\"http:\/\/www.academie-arts-sciences-mer.com\/\" target=\"_blank\" title=\"Acad\u00e9mie des Arts &amp; Sciences de la Mer (Acad\u00e9mie des Arts &amp; Sciences de la Mer)\" rel=\"noopener \">Acad\u00e9mie des Arts &amp; Sciences de la Mer<\/a><\/div><\/div><\/li>\n\t\t\t\t\t\t<li class=\"lv-list-item\">\n\t\t\t\t\t\t<div class=\"lv-link\"><div class=\"lv-item-name\"><a class=\"lv-anchor\" href=\"http:\/\/info@andersonkenney.com\" target=\"_self\" title=\"AndersonKenneyFine Art &amp;Living\" rel=\"noopener\">AndersonKenneyFine Art &amp;Living<\/a><\/div><\/div><\/li>\n\t\t\t\t\t\t<li class=\"lv-list-item\">\n\t\t\t\t\t\t<div class=\"lv-link\"><div class=\"lv-item-name\"><a class=\"lv-anchor\" href=\"http:\/\/www.frenchartnetwork.com\/#!girault-daniel\/c14pc\" target=\"_blank\" title=\"French Art Network (Carmel - USA) (French Art Network (Carmel - USA))\" rel=\"noopener \">French Art Network (Carmel - USA)<\/a><\/div><\/div><\/li>\n\t\t\t\t\t\t<li class=\"lv-list-item\">\n\t\t\t\t\t\t<div class=\"lv-link\"><div class=\"lv-item-name\"><a class=\"lv-anchor\" href=\"http:\/\/www.henriotboutique.com\/\" target=\"_blank\" title=\"HB Henriot Quimper ( HB Henriot Quimper)\" rel=\"noopener \">HB Henriot Quimper<\/a><\/div><\/div><\/li>\n\t\t\t\t\t\t<li class=\"lv-list-item\">\n\t\t\t\t\t\t<div class=\"lv-link\"><div class=\"lv-item-name\"><a class=\"lv-anchor\" href=\"http:\/\/paulineboule.fr\/\" target=\"_blank\" title=\"Pauline Boule (Pauline Boule)\" rel=\"noopener \">Pauline Boule<\/a><\/div><\/div><\/li>\n\t\t\t\t\t<\/ul>\n\t\t\t\t\t<\/div>\n\t\t\t\t\t<\/div>\n\t\t\t\t\t<div class=\"lv-category\">\n\t\t\t\t\t\t<h2 class=\"lv-cat-name\">Art : Mus\u00e9es et Institutions<\/h2>\n\t\t\t\t\t<div id=\"lv-id-1-3\">\n\t\t\t\t\t<ul class=\"lv-link-list\">\n\t\t\t\t\t\t<li class=\"lv-list-item\">\n\t\t\t\t\t\t<div class=\"lv-link\"><div class=\"lv-item-name\"><a class=\"lv-anchor\" href=\"http:\/\/www.musee-faience-quimper.com\/\" target=\"_blank\" title=\"Mus\u00e9e de la fa\u00efence de Quimper (Mus\u00e9e de la fa\u00efence de Quimper)\" rel=\"noopener \">Mus\u00e9e de la fa\u00efence de Quimper<\/a><\/div><\/div><\/li>\n\t\t\t\t\t\t<li class=\"lv-list-item\">\n\t\t\t\t\t\t<div class=\"lv-link\"><div class=\"lv-item-name\"><a class=\"lv-anchor\" href=\"http:\/\/www.museedesthoniers.fr\/\" target=\"_blank\" title=\"Mus\u00e9e des Thoniers (Mus\u00e9e des Thoniers)\" rel=\"noopener \">Mus\u00e9e des Thoniers<\/a><\/div><\/div><\/li>\n\t\t\t\t\t\t<li class=\"lv-list-item\">\n\t\t\t\t\t\t<div class=\"lv-link\"><div class=\"lv-item-name\"><a class=\"lv-anchor\" href=\"http:\/\/www.terres-sacrees.net\" target=\"_self\" title=\"Terres Sacr\u00e9es (r\u00e9alisations \u00e0 th\u00e8me religieux ex\u00e9cut\u00e9es par les fa\u00efenceries Henriot)\" rel=\"noopener\">Terres Sacr\u00e9es<\/a><\/div><\/div><\/li>\n\t\t\t\t\t<\/ul>\n\t\t\t\t\t<\/div>\n\t\t\t\t\t<\/div>\n\t\t\t\t\t<div class=\"lv-category\">\n\t\t\t\t\t\t<h2 class=\"lv-cat-name\">Divers<\/h2>\n\t\t\t\t\t<div id=\"lv-id-1-4\">\n\t\t\t\t\t<ul class=\"lv-link-list\">\n\t\t\t\t\t\t<li class=\"lv-list-item\">\n\t\t\t\t\t\t<div class=\"lv-link\"><div class=\"lv-item-name\"><a class=\"lv-anchor\" href=\"http:\/\/www.cld.fr\" target=\"_blank\" title=\"CLD Graphisme (CLD Graphisme)\" rel=\"noopener \">CLD Graphisme<\/a><\/div><\/div><\/li>\n\t\t\t\t\t\t<li class=\"lv-list-item\">\n\t\t\t\t\t\t<div class=\"lv-link\"><div class=\"lv-item-name\"><a class=\"lv-anchor\" href=\"http:\/\/www.domaine-saint-pierre.com\/\" target=\"_blank\" title=\"Domaine Saint-Pierre (Domaine Saint-Pierre : Vins de Loire et Layon)\" rel=\"noopener \">Domaine Saint-Pierre<\/a><\/div><\/div><\/li>\n\t\t\t\t\t\t<li class=\"lv-list-item\">\n\t\t\t\t\t\t<div class=\"lv-link\"><div class=\"lv-item-name\"><a class=\"lv-anchor\" href=\"http:\/\/www.yanncadres.fr\/\" target=\"_blank\" title=\"YANN&#039;Cadres (YANN'Cadres)\" rel=\"noopener \">YANN&#039;Cadres<\/a><\/div><\/div><\/li>\n\t\t\t\t\t<\/ul>\n\t\t\t\t\t<\/div>\n\t\t\t\t\t<\/div>\n\t\t\t\t<\/div><\/p>\n","protected":false},"excerpt":{"rendered":"","protected":false},"author":1,"featured_media":0,"parent":0,"menu_order":0,"comment_status":"closed","ping_status":"closed","template":"","meta":{"footnotes":""},"_links":{"self":[{"href":"https:\/\/danielgirault.com\/artiste\/wp-json\/wp\/v2\/pages\/317"}],"collection":[{"href":"https:\/\/danielgirault.com\/artiste\/wp-json\/wp\/v2\/pages"}],"about":[{"href":"https:\/\/danielgirault.com\/artiste\/wp-json\/wp\/v2\/types\/page"}],"author":[{"embeddable":true,"href":"https:\/\/danielgirault.com\/artiste\/wp-json\/wp\/v2\/users\/1"}],"replies":[{"embeddable":true,"href":"https:\/\/danielgirault.com\/artiste\/wp-json\/wp\/v2\/comments?post=317"}],"version-history":[{"count":2,"href":"https:\/\/danielgirault.com\/artiste\/wp-json\/wp\/v2\/pages\/317\/revisions"}],"predecessor-version":[{"id":320,"href":"https:\/\/danielgirault.com\/artiste\/wp-json\/wp\/v2\/pages\/317\/revisions\/320"}],"wp:attachment":[{"href":"https:\/\/danielgirault.com\/artiste\/wp-json\/wp\/v2\/media?parent=317"}],"curies":[{"name":"wp","href":"https:\/\/api.w.org\/{rel}","templated":true}]}}